{"id":1,"date":"2025-06-23T19:27:52","date_gmt":"2025-06-23T19:27:52","guid":{"rendered":"https:\/\/mexportools.mx\/?page_id=1"},"modified":"2025-07-11T19:14:36","modified_gmt":"2025-07-11T19:14:36","slug":"video-es","status":"publish","type":"page","link":"https:\/\/mexportools.mx\/?page_id=1","title":{"rendered":"Video ES"},"content":{"rendered":"<article id=\"sections\" class=\"sections\" data-page-sections=\"6841dfed92666169e8b14f94\">\n<section class=\"page-section layout-engine-section background-width--full-bleed section-height--custom content-width--wide horizontal-alignment--center vertical-alignment--middle \" style=\"min-height: 10vh;\" data-test=\"page-section\" data-section-theme=\"\" data-section-id=\"6841e0302c2fff45b5d2c961\" data-controller=\"SectionWrapperController\" data-current-styles=\"{ &quot;imageOverlayOpacity&quot;: 0.15, &quot;backgroundWidth&quot;: &quot;background-width--full-bleed&quot;, &quot;sectionHeight&quot;: &quot;section-height--custom&quot;, &quot;customSectionHeight&quot;: 10, &quot;horizontalAlignment&quot;: &quot;horizontal-alignment--center&quot;, &quot;verticalAlignment&quot;: &quot;vertical-alignment--middle&quot;, &quot;contentWidth&quot;: &quot;content-width--wide&quot;, &quot;sectionTheme&quot;: &quot;&quot;, &quot;sectionAnimation&quot;: &quot;none&quot;, &quot;backgroundMode&quot;: &quot;image&quot; }\" data-current-context=\"{ &quot;video&quot;: { &quot;playbackSpeed&quot;: 0.5, &quot;filter&quot;: 1, &quot;filterStrength&quot;: 0, &quot;zoom&quot;: 0, &quot;videoSourceProvider&quot;: &quot;none&quot; }, &quot;backgroundImageId&quot;: null, &quot;backgroundMediaEffect&quot;: { &quot;type&quot;: &quot;none&quot; }, &quot;divider&quot;: { &quot;enabled&quot;: false }, &quot;typeName&quot;: null }\" data-animation=\"none\">\n<div class=\"section-border\">\n<div class=\"section-background\" style=\"text-align: center;\"><\/div>\n<div style=\"text-align: center;\"><\/div>\n<\/div>\n<div class=\"content-wrapper\" style=\"padding-top: calc(10vmax \/ 10); padding-bottom: calc(10vmax \/ 10);\">\n<div class=\"content\">\n<div id=\"page-section-6841e0302c2fff45b5d2c961\" class=\"sqs-layout sqs-grid-12 columns-12\" data-type=\"page-section\">\n<div class=\"row sqs-row\">\n<div class=\"col sqs-col-12 span-12\">\n<div id=\"block-yui_3_17_2_1_1749149356014_2237\" class=\"sqs-block code-block sqs-block-code\" data-block-type=\"23\">\n<div class=\"sqs-block-content\">\n<div style=\"display: inline-flex; align-items: center; background-color: #00247d; \/* azul de la bandera uk *\/ color: white; padding: 10px 20px; border-radius: 50px; font-size: 16px; font-family: Arial, Helvetica, sans-serif;\"><img decoding=\"async\" style=\"width: 24px; height: 24px; margin-right: 10px;\" src=\"https:\/\/upload.wikimedia.org\/wikipedia\/en\/a\/ae\/Flag_of_the_United_Kingdom.svg\" alt=\"Bandera de Gran Breta\u00f1a\" \/><br \/>\nEn<\/div>\n<p>&nbsp;<\/p>\n<\/div>\n<\/div>\n<div id=\"block-d97f762f47fc158da355\" class=\"sqs-block html-block sqs-block-html\" data-block-type=\"2\" data-border-radii=\"{&quot;topLeft&quot;:{&quot;unit&quot;:&quot;px&quot;,&quot;value&quot;:0.0},&quot;topRight&quot;:{&quot;unit&quot;:&quot;px&quot;,&quot;value&quot;:0.0},&quot;bottomLeft&quot;:{&quot;unit&quot;:&quot;px&quot;,&quot;value&quot;:0.0},&quot;bottomRight&quot;:{&quot;unit&quot;:&quot;px&quot;,&quot;value&quot;:0.0}}\">\n<div class=\"sqs-block-content\">\n<div class=\"sqs-html-content\">\n<h2 style=\"text-align: center; white-space: pre-wrap;\">Impulsamos la innovaci\u00f3n en cada molde<\/h2>\n<h4 style=\"text-align: center; white-space: pre-wrap;\">Conoce <strong>MEXPORTOOLS<\/strong>, el aliado estrat\u00e9gico de la industria en M\u00e9xico<\/h4>\n<p class=\"\" style=\"text-align: center; white-space: pre-wrap;\">En este video te mostramos qui\u00e9nes somos, c\u00f3mo trabajamos y por qu\u00e9 somos l\u00edderes en la fabricaci\u00f3n integral de moldes de inyecci\u00f3n de pl\u00e1sticos. Descubre la tecnolog\u00eda, el conocimiento internacional y la capacidad industrial que ponemos al servicio de sectores clave como el automotriz, aeroespacial, m\u00e9dico y el\u00e9ctrico.<\/p>\n<p class=\"\" style=\"text-align: center; white-space: pre-wrap;\">En <strong>MEXPORTOOLS<\/strong>, convertimos ideas en soluciones reales con precisi\u00f3n, compromiso y visi\u00f3n global.<\/p>\n<\/div>\n<\/div>\n<\/div>\n<\/div>\n<\/div>\n<\/div>\n<\/div>\n<\/div>\n<\/section>\n<\/article>\n","protected":false},"excerpt":{"rendered":"<p>En &nbsp; Impulsamos la innovaci\u00f3n en cada molde Conoce MEXPORTOOLS,  [&#8230;]<\/p>\n","protected":false},"author":3,"featured_media":0,"parent":0,"menu_order":0,"comment_status":"closed","ping_status":"closed","template":"","meta":{"footnotes":""},"class_list":["post-1","page","type-page","status-publish","hentry"],"yoast_head":"<!-- This site is optimized with the Yoast SEO plugin v25.3.1 - https:\/\/yoast.com\/wordpress\/plugins\/seo\/ -->\n<title>Video ES - MEXPORTOOLS<\/title>\n<meta name=\"robots\" content=\"index, follow, max-snippet:-1, max-image-preview:large, max-video-preview:-1\" \/>\n<link rel=\"canonical\" href=\"https:\/\/mexportools.mx\/?page_id=1\" \/>\n<meta property=\"og:locale\" content=\"es_MX\" \/>\n<meta property=\"og:type\" content=\"article\" \/>\n<meta property=\"og:title\" content=\"Video ES - MEXPORTOOLS\" \/>\n<meta property=\"og:description\" content=\"En &nbsp; Impulsamos la innovaci\u00f3n en cada molde Conoce MEXPORTOOLS, [...]\" \/>\n<meta property=\"og:url\" content=\"https:\/\/mexportools.mx\/?page_id=1\" \/>\n<meta property=\"og:site_name\" content=\"MEXPORTOOLS\" \/>\n<meta property=\"article:modified_time\" content=\"2025-07-11T19:14:36+00:00\" \/>\n<meta property=\"og:image\" content=\"https:\/\/upload.wikimedia.org\/wikipedia\/en\/a\/ae\/Flag_of_the_United_Kingdom.svg\" \/>\n<meta name=\"twitter:card\" content=\"summary_large_image\" \/>\n<meta name=\"twitter:label1\" content=\"Tiempo de lectura\" \/>\n\t<meta name=\"twitter:data1\" content=\"1 minuto\" \/>\n<script type=\"application\/ld+json\" class=\"yoast-schema-graph\">{\"@context\":\"https:\/\/schema.org\",\"@graph\":[{\"@type\":\"WebPage\",\"@id\":\"https:\/\/mexportools.mx\/?page_id=1\",\"url\":\"https:\/\/mexportools.mx\/?page_id=1\",\"name\":\"Video ES - MEXPORTOOLS\",\"isPartOf\":{\"@id\":\"https:\/\/mexportools.mx\/#website\"},\"primaryImageOfPage\":{\"@id\":\"https:\/\/mexportools.mx\/?page_id=1#primaryimage\"},\"image\":{\"@id\":\"https:\/\/mexportools.mx\/?page_id=1#primaryimage\"},\"thumbnailUrl\":\"https:\/\/upload.wikimedia.org\/wikipedia\/en\/a\/ae\/Flag_of_the_United_Kingdom.svg\",\"datePublished\":\"2025-06-23T19:27:52+00:00\",\"dateModified\":\"2025-07-11T19:14:36+00:00\",\"breadcrumb\":{\"@id\":\"https:\/\/mexportools.mx\/?page_id=1#breadcrumb\"},\"inLanguage\":\"es\",\"potentialAction\":[{\"@type\":\"ReadAction\",\"target\":[\"https:\/\/mexportools.mx\/?page_id=1\"]}]},{\"@type\":\"ImageObject\",\"inLanguage\":\"es\",\"@id\":\"https:\/\/mexportools.mx\/?page_id=1#primaryimage\",\"url\":\"https:\/\/upload.wikimedia.org\/wikipedia\/en\/a\/ae\/Flag_of_the_United_Kingdom.svg\",\"contentUrl\":\"https:\/\/upload.wikimedia.org\/wikipedia\/en\/a\/ae\/Flag_of_the_United_Kingdom.svg\"},{\"@type\":\"BreadcrumbList\",\"@id\":\"https:\/\/mexportools.mx\/?page_id=1#breadcrumb\",\"itemListElement\":[{\"@type\":\"ListItem\",\"position\":1,\"name\":\"In\u00edcio\",\"item\":\"https:\/\/mexportools.mx\/\"},{\"@type\":\"ListItem\",\"position\":2,\"name\":\"Video ES\"}]},{\"@type\":\"WebSite\",\"@id\":\"https:\/\/mexportools.mx\/#website\",\"url\":\"https:\/\/mexportools.mx\/\",\"name\":\"MEXPORTOOLS\",\"description\":\"\",\"potentialAction\":[{\"@type\":\"SearchAction\",\"target\":{\"@type\":\"EntryPoint\",\"urlTemplate\":\"https:\/\/mexportools.mx\/?s={search_term_string}\"},\"query-input\":{\"@type\":\"PropertyValueSpecification\",\"valueRequired\":true,\"valueName\":\"search_term_string\"}}],\"inLanguage\":\"es\"}]}<\/script>\n<!-- \/ Yoast SEO plugin. -->","yoast_head_json":{"title":"Video ES - MEXPORTOOLS","robots":{"index":"index","follow":"follow","max-snippet":"max-snippet:-1","max-image-preview":"max-image-preview:large","max-video-preview":"max-video-preview:-1"},"canonical":"https:\/\/mexportools.mx\/?page_id=1","og_locale":"es_MX","og_type":"article","og_title":"Video ES - MEXPORTOOLS","og_description":"En &nbsp; Impulsamos la innovaci\u00f3n en cada molde Conoce MEXPORTOOLS, [...]","og_url":"https:\/\/mexportools.mx\/?page_id=1","og_site_name":"MEXPORTOOLS","article_modified_time":"2025-07-11T19:14:36+00:00","og_image":[{"url":"https:\/\/upload.wikimedia.org\/wikipedia\/en\/a\/ae\/Flag_of_the_United_Kingdom.svg","type":"","width":"","height":""}],"twitter_card":"summary_large_image","twitter_misc":{"Tiempo de lectura":"1 minuto"},"schema":{"@context":"https:\/\/schema.org","@graph":[{"@type":"WebPage","@id":"https:\/\/mexportools.mx\/?page_id=1","url":"https:\/\/mexportools.mx\/?page_id=1","name":"Video ES - MEXPORTOOLS","isPartOf":{"@id":"https:\/\/mexportools.mx\/#website"},"primaryImageOfPage":{"@id":"https:\/\/mexportools.mx\/?page_id=1#primaryimage"},"image":{"@id":"https:\/\/mexportools.mx\/?page_id=1#primaryimage"},"thumbnailUrl":"https:\/\/upload.wikimedia.org\/wikipedia\/en\/a\/ae\/Flag_of_the_United_Kingdom.svg","datePublished":"2025-06-23T19:27:52+00:00","dateModified":"2025-07-11T19:14:36+00:00","breadcrumb":{"@id":"https:\/\/mexportools.mx\/?page_id=1#breadcrumb"},"inLanguage":"es","potentialAction":[{"@type":"ReadAction","target":["https:\/\/mexportools.mx\/?page_id=1"]}]},{"@type":"ImageObject","inLanguage":"es","@id":"https:\/\/mexportools.mx\/?page_id=1#primaryimage","url":"https:\/\/upload.wikimedia.org\/wikipedia\/en\/a\/ae\/Flag_of_the_United_Kingdom.svg","contentUrl":"https:\/\/upload.wikimedia.org\/wikipedia\/en\/a\/ae\/Flag_of_the_United_Kingdom.svg"},{"@type":"BreadcrumbList","@id":"https:\/\/mexportools.mx\/?page_id=1#breadcrumb","itemListElement":[{"@type":"ListItem","position":1,"name":"In\u00edcio","item":"https:\/\/mexportools.mx\/"},{"@type":"ListItem","position":2,"name":"Video ES"}]},{"@type":"WebSite","@id":"https:\/\/mexportools.mx\/#website","url":"https:\/\/mexportools.mx\/","name":"MEXPORTOOLS","description":"","potentialAction":[{"@type":"SearchAction","target":{"@type":"EntryPoint","urlTemplate":"https:\/\/mexportools.mx\/?s={search_term_string}"},"query-input":{"@type":"PropertyValueSpecification","valueRequired":true,"valueName":"search_term_string"}}],"inLanguage":"es"}]}},"_links":{"self":[{"href":"https:\/\/mexportools.mx\/index.php?rest_route=\/wp\/v2\/pages\/1","targetHints":{"allow":["GET"]}}],"collection":[{"href":"https:\/\/mexportools.mx\/index.php?rest_route=\/wp\/v2\/pages"}],"about":[{"href":"https:\/\/mexportools.mx\/index.php?rest_route=\/wp\/v2\/types\/page"}],"author":[{"embeddable":true,"href":"https:\/\/mexportools.mx\/index.php?rest_route=\/wp\/v2\/users\/3"}],"replies":[{"embeddable":true,"href":"https:\/\/mexportools.mx\/index.php?rest_route=%2Fwp%2Fv2%2Fcomments&post=1"}],"version-history":[{"count":0,"href":"https:\/\/mexportools.mx\/index.php?rest_route=\/wp\/v2\/pages\/1\/revisions"}],"wp:attachment":[{"href":"https:\/\/mexportools.mx\/index.php?rest_route=%2Fwp%2Fv2%2Fmedia&parent=1"}],"curies":[{"name":"wp","href":"https:\/\/api.w.org\/{rel}","templated":true}]}}